{"id":42573,"date":"2024-04-19T22:08:19","date_gmt":"2024-04-19T18:08:19","guid":{"rendered":"http:\/\/dev.gn.ge\/product\/%e1%83%a4%e1%83%a0%e1%83%98%e1%83%a2%e1%83%a3%e1%83%a0%e1%83%9c%e1%83%98%e1%83%aa%e1%83%90-55-silver-inox\/"},"modified":"2026-04-16T22:20:46","modified_gmt":"2026-04-16T18:20:46","slug":"%e1%83%a4%e1%83%a0%e1%83%98%e1%83%a2%e1%83%a3%e1%83%a0%e1%83%9c%e1%83%98%e1%83%aa%e1%83%90-55-silver-inox","status":"publish","type":"product","link":"https:\/\/dev.gn.ge\/en\/product\/%e1%83%a4%e1%83%a0%e1%83%98%e1%83%a2%e1%83%a3%e1%83%a0%e1%83%9c%e1%83%98%e1%83%aa%e1%83%90-55-silver-inox\/","title":{"rendered":"\u10e4\u10e0\u10d8\u10e2\u10e3\u10e0\u10dc\u10d8\u10ea\u10d0 5+5 S\u0130LVER \u0130NOX"},"content":{"rendered":"","protected":false},"excerpt":{"rendered":"<p>S\u0130LVER \u0130NOX-\u10d8\u10e1 \u10d4\u10e1 \u10dd\u10e0\u10db\u10d0\u10d2\u10d8, \u10de\u10e0\u10dd\u10e4\u10d4\u10e1\u10d8\u10dd\u10dc\u10d0\u10da\u10e3\u10e0\u10d8 \u10d4\u10da\u10d4\u10e5\u10e2\u10e0\u10dd \u10e4\u10e0\u10d8\u10e2\u10e3\u10e0\u10d8 \u10ec\u10d0\u10e0\u10db\u10dd\u10d0\u10d3\u10d2\u10d4\u10dc\u10e1 \u10db\u10d0\u10e6\u10d0\u10da\u10de\u10e0\u10dd\u10d3\u10e3\u10e5\u10e2\u10d8\u10e3\u10da \u10d3\u10d0\u10dc\u10d0\u10d3\u10d2\u10d0\u10e0\u10e1, \u10e0\u10dd\u10db\u10da\u10d8\u10e1 \u10db\u10d7\u10d0\u10d5\u10d0\u10e0\u10d8 \u10e3\u10de\u10d8\u10e0\u10d0\u10e2\u10d4\u10e1\u10dd\u10d1\u10d0\u10d0 \u10db\u10d8\u10e1\u10d8 \u10d2\u10d0\u10dc\u10e1\u10d0\u10d9\u10e3\u10d7\u10e0\u10d4\u10d1\u10e3\u10da\u10d8, 6 \u10d9\u10d8\u10da\u10dd\u10d5\u10d0\u10e2\u10d8 \u10e1\u10d8\u10db\u10eb\u10da\u10d0\u10d5\u10e0\u10d4. \u10d8\u10d2\u10d8 \u10e8\u10d4\u10e5\u10db\u10dc\u10d8\u10da\u10d8\u10d0 \u10db\u10d0\u10e6\u10d0\u10da\u10d8 \u10d2\u10d0\u10db\u10e2\u10d0\u10e0\u10dd\u10d1\u10d8\u10e1 \u10db\u10e5\u10dd\u10dc\u10d4 \u10e1\u10ec\u10e0\u10d0\u10e4\u10d8 \u10d9\u10d5\u10d4\u10d1\u10d8\u10e1 \u10dd\u10d1\u10d8\u10d4\u10e5\u10e2\u10d4\u10d1\u10d8\u10e1, \u10e0\u10d4\u10e1\u10e2\u10dd\u10e0\u10dc\u10d4\u10d1\u10d8\u10e1\u10d0 \u10d3\u10d0 \u10d9\u10d0\u10e4\u10d4\u10d4\u10d1\u10d8\u10e1\u10d7\u10d5\u10d8\u10e1, \u10e1\u10d0\u10d3\u10d0\u10ea \u10db\u10dd\u10db\u10d6\u10d0\u10d3\u10d4\u10d1\u10d8\u10e1 \u10e1\u10d8\u10e1\u10ec\u10e0\u10d0\u10e4\u10d4\u10e1\u10d0 \u10d3\u10d0 \u10de\u10e0\u10dd\u10d3\u10e3\u10e5\u10e2\u10d8\u10e1 \u10e3\u10ea\u10d5\u10da\u10d4\u10da \u10ee\u10d0\u10e0\u10d8\u10e1\u10ee\u10e1 \u10d9\u10e0\u10d8\u10e2\u10d8\u10d9\u10e3\u10da\u10d8 \u10db\u10dc\u10d8\u10e8\u10d5\u10dc\u10d4\u10da\u10dd\u10d1\u10d0 \u10d0\u10e5\u10d5\u10e1.<\/p>\n<p>\u10dd\u10e0\u10d8 \u10d3\u10d0\u10db\u10dd\u10e3\u10d9\u10d8\u10d3\u10d4\u10d1\u10d4\u10da\u10d8 \u10d0\u10d5\u10d6\u10d8 \u10db\u10d0\u10e5\u10e1\u10d8\u10db\u10d0\u10da\u10e3\u10e0 \u10db\u10dd\u10e5\u10dc\u10d8\u10da\u10dd\u10d1\u10d0\u10e1 \u10e3\u10d6\u10e0\u10e3\u10dc\u10d5\u10d4\u10da\u10e7\u10dd\u10e4\u10e1, \u10e0\u10d0\u10ea \u10e1\u10d0\u10e8\u10e3\u10d0\u10da\u10d4\u10d1\u10d0\u10e1 \u10d8\u10eb\u10da\u10d4\u10d5\u10d0, \u10d4\u10e0\u10d7\u10d3\u10e0\u10dd\u10e3\u10da\u10d0\u10d3 \u10db\u10dd\u10d0\u10db\u10d6\u10d0\u10d3\u10dd\u10d7 \u10e1\u10ee\u10d5\u10d0\u10d3\u10d0\u10e1\u10ee\u10d5\u10d0 \u10d9\u10d4\u10e0\u10eb\u10d8.<\/p>\n<p><b>\u10eb\u10d8\u10e0\u10d8\u10d7\u10d0\u10d3\u10d8 \u10db\u10d0\u10ee\u10d0\u10e1\u10d8\u10d0\u10d7\u10d4\u10d1\u10da\u10d4\u10d1\u10d8:<\/b><\/p>\n<ul>\n<li><b>\u10d4\u10e5\u10e1\u10e2\u10e0\u10d4\u10db\u10d0\u10da\u10e3\u10e0\u10d8 \u10e1\u10d8\u10db\u10eb\u10da\u10d0\u10d5\u10e0\u10d4 \u10d3\u10d0 \u10e1\u10ec\u10e0\u10d0\u10e4\u10d8 \u10db\u10e3\u10e8\u10d0\u10dd\u10d1\u10d0 (6 \u10d9\u10d5\u10e2):<\/b> \u10d7\u10d8\u10d7\u10dd\u10d4\u10e3\u10da\u10d8 5-\u10da\u10d8\u10e2\u10e0\u10d8\u10d0\u10dc\u10d8 \u10d0\u10d5\u10d6\u10d8 \u10d0\u10e6\u10ed\u10e3\u10e0\u10d5\u10d8\u10da\u10d8\u10d0 \u10db\u10eb\u10da\u10d0\u10d5\u10e0\u10d8, 3-\u10d9\u10d8\u10da\u10dd\u10d5\u10d0\u10e2\u10d8\u10d0\u10dc\u10d8 \u10d2\u10d0\u10db\u10d0\u10ea\u10ee\u10d4\u10da\u10d4\u10d1\u10d4\u10da\u10d8 \u10d4\u10da\u10d4\u10db\u10d4\u10dc\u10e2\u10d8\u10d7. \u10d4\u10e1 \u10e3\u10d6\u10e0\u10e3\u10dc\u10d5\u10d4\u10da\u10e7\u10dd\u10e4\u10e1 \u10d6\u10d4\u10d7\u10d8\u10e1 \u10e3\u10e1\u10ec\u10e0\u10d0\u10e4\u10d4\u10e1 \u10d2\u10d0\u10ea\u10ee\u10d4\u10da\u10d4\u10d1\u10d0\u10e1\u10d0 \u10d3\u10d0 \u10e2\u10d4\u10db\u10de\u10d4\u10e0\u10d0\u10e2\u10e3\u10e0\u10d8\u10e1 \u10db\u10dd\u10db\u10d4\u10dc\u10e2\u10d0\u10da\u10e3\u10e0 \u10d0\u10e6\u10d3\u10d2\u10d4\u10dc\u10d0\u10e1, \u10e0\u10d0\u10ea \u10d8\u10d3\u10d4\u10d0\u10da\u10e3\u10e0\u10d0\u10d3 \u10ee\u10e0\u10d0\u10e8\u10e3\u10dc\u10d0 \u10d3\u10d0 \u10d0\u10e0\u10d0-\u10ea\u10ee\u10d8\u10db\u10d8\u10d0\u10dc\u10d8 \u10de\u10e0\u10dd\u10d3\u10e3\u10e5\u10e2\u10d8\u10e1 \u10db\u10d8\u10e6\u10d4\u10d1\u10d8\u10e1 \u10d2\u10d0\u10e0\u10d0\u10dc\u10e2\u10d8\u10d0\u10d0.<\/li>\n<li><b>\u10dd\u10e0\u10d8 \u10d3\u10d0\u10db\u10dd\u10e3\u10d9\u10d8\u10d3\u10d4\u10d1\u10d4\u10da\u10d8 \u10e1\u10d0\u10db\u10e3\u10e8\u10d0\u10dd \u10d6\u10dd\u10dc\u10d0:<\/b> \u10dd\u10e0\u10d8 \u10d0\u10d5\u10d6\u10d8 \u10d3\u10d0 (\u10e1\u10d0\u10d5\u10d0\u10e0\u10d0\u10e3\u10d3\u10dd\u10d3) \u10dd\u10e0\u10d8 \u10d3\u10d0\u10db\u10dd\u10e3\u10d9\u10d8\u10d3\u10d4\u10d1\u10d4\u10da\u10d8 \u10d7\u10d4\u10e0\u10db\u10dd\u10e1\u10e2\u10d0\u10e2\u10d8 \u10d2\u10d0\u10eb\u10da\u10d4\u10d5\u10d7 \u10db\u10d0\u10e5\u10e1\u10d8\u10db\u10d0\u10da\u10e3\u10e0 \u10db\u10dd\u10e5\u10dc\u10d8\u10da\u10dd\u10d1\u10d0\u10e1: \u10db\u10dd\u10d0\u10db\u10d6\u10d0\u10d3\u10d4\u10d7 \u10e1\u10ee\u10d5\u10d0\u10d3\u10d0\u10e1\u10ee\u10d5\u10d0 \u10de\u10e0\u10dd\u10d3\u10e3\u10e5\u10e2\u10d8 (\u10db\u10d0\u10d2. \u10d9\u10d0\u10e0\u10e2\u10dd\u10e4\u10d8\u10da\u10d8 \u10d3\u10d0 \u10d7\u10d4\u10d5\u10d6\u10d8) \u10d2\u10d4\u10db\u10dd\u10d4\u10d1\u10d8\u10e1 \u10e8\u10d4\u10e0\u10d4\u10d5\u10d8\u10e1 \u10d2\u10d0\u10e0\u10d4\u10e8\u10d4, \u10d8\u10db\u10e3\u10e8\u10d0\u10d5\u10d4\u10d7 \u10e1\u10ee\u10d5\u10d0\u10d3\u10d0\u10e1\u10ee\u10d5\u10d0 \u10e2\u10d4\u10db\u10de\u10d4\u10e0\u10d0\u10e2\u10e3\u10e0\u10d0\u10d6\u10d4 \u10d0\u10dc \u10d2\u10d0\u10db\u10dd\u10d8\u10e7\u10d4\u10dc\u10d4\u10d7 \u10db\u10ee\u10dd\u10da\u10dd\u10d3 \u10d4\u10e0\u10d7\u10d8 \u10d0\u10d5\u10d6\u10d8 \u10dc\u10d0\u10d9\u10da\u10d4\u10d1\u10d8 \u10d3\u10d0\u10e2\u10d5\u10d8\u10e0\u10d7\u10d5\u10d8\u10e1 \u10d3\u10e0\u10dd\u10e1.<\/li>\n<li><b>S\u0130LVER \u0130NOX-\u10d8\u10e1 \u10ee\u10d0\u10e0\u10d8\u10e1\u10ee\u10d8 \u10d3\u10d0 \u10d2\u10d0\u10db\u10eb\u10da\u10d4\u10dd\u10d1\u10d0:<\/b> S\u0130LVER \u0130NOX-\u10d8\u10e1 \u10d1\u10e0\u10d4\u10dc\u10d3\u10d8\u10e1\u10d7\u10d5\u10d8\u10e1 \u10d3\u10d0\u10db\u10d0\u10ee\u10d0\u10e1\u10d8\u10d0\u10d7\u10d4\u10d1\u10d4\u10da\u10d8, \u10e1\u10e0\u10e3\u10da\u10d0\u10d3 \u10e3\u10df\u10d0\u10dc\u10d2\u10d0\u10d5\u10d8 \u10e4\u10dd\u10da\u10d0\u10d3\u10d8\u10e1 \u10db\u10e7\u10d0\u10e0\u10d8 \u10d9\u10dd\u10e0\u10de\u10e3\u10e1\u10d8 \u10e8\u10d4\u10e5\u10db\u10dc\u10d8\u10da\u10d8\u10d0 \u10de\u10e0\u10dd\u10e4\u10d4\u10e1\u10d8\u10dd\u10dc\u10d0\u10da\u10e3\u10e0\u10d8 \u10e1\u10d0\u10db\u10d6\u10d0\u10e0\u10d4\u10e3\u10da\u10dd\u10e1 \u10d8\u10dc\u10e2\u10d4\u10dc\u10e1\u10d8\u10e3\u10e0\u10d8 \u10d3\u10d0\u10e2\u10d5\u10d8\u10e0\u10d7\u10d5\u10d8\u10e1\u10d7\u10d5\u10d8\u10e1 \u10d3\u10d0 \u10e3\u10d6\u10e0\u10e3\u10dc\u10d5\u10d4\u10da\u10e7\u10dd\u10e4\u10e1 \u10d3\u10d0\u10dc\u10d0\u10d3\u10d2\u10d0\u10e0\u10d8\u10e1 \u10db\u10d0\u10e0\u10e2\u10d8\u10d5 \u10ec\u10db\u10d4\u10dc\u10d3\u10d0\u10e1\u10d0 \u10d3\u10d0 \u10ee\u10d0\u10dc\u10d2\u10e0\u10eb\u10da\u10d8\u10d5 \u10d4\u10e5\u10e1\u10de\u10da\u10e3\u10d0\u10e2\u10d0\u10ea\u10d8\u10d0\u10e1.<\/li>\n<li><b>\u10d9\u10dd\u10db\u10de\u10d0\u10e5\u10e2\u10e3\u10e0\u10d8 \u10d3\u10d0 \u10d4\u10e4\u10d4\u10e5\u10e2\u10e3\u10e0\u10d8 \u10d3\u10d8\u10d6\u10d0\u10d8\u10dc\u10d8:<\/b> \u10d9\u10d5\u10d0\u10d3\u10e0\u10d0\u10e2\u10e3\u10da\u10d8, 56&#215;56 \u10e1\u10db \u10d6\u10dd\u10db\u10d8\u10e1 \u10d3\u10d8\u10d6\u10d0\u10d8\u10dc\u10d8 \u10d2\u10d7\u10d0\u10d5\u10d0\u10d6\u10dd\u10d1\u10d7 \u10dd\u10e0\u10d8 \u10d3\u10d0\u10db\u10dd\u10e3\u10d9\u10d8\u10d3\u10d4\u10d1\u10d4\u10da\u10d8 \u10e4\u10e0\u10d8\u10e2\u10e3\u10e0\u10d8\u10e1 \u10e4\u10e3\u10dc\u10e5\u10ea\u10d8\u10dd\u10dc\u10d0\u10da\u10e1, \u10e0\u10d8\u10d7\u10d0\u10ea \u10d6\u10dd\u10d2\u10d0\u10d5\u10e1 \u10eb\u10d5\u10d8\u10e0\u10e4\u10d0\u10e1 \u10d0\u10d3\u10d2\u10d8\u10da\u10e1 \u10e1\u10d0\u10db\u10e3\u10e8\u10d0\u10dd \u10d3\u10d0\u10ee\u10da\u10d6\u10d4.<\/li>\n<li><b>\u10e2\u10d4\u10db\u10de\u10d4\u10e0\u10d0\u10e2\u10e3\u10e0\u10d8\u10e1 \u10d6\u10e3\u10e1\u10e2\u10d8 \u10d9\u10dd\u10dc\u10e2\u10e0\u10dd\u10da\u10d8:<\/b> \u10d7\u10d4\u10e0\u10db\u10dd\u10e1\u10e2\u10d0\u10e2\u10e3\u10da\u10d8 \u10db\u10d0\u10e0\u10d7\u10d5\u10d8\u10e1 \u10e1\u10d8\u10e1\u10e2\u10d4\u10db\u10d0 \u10e3\u10d6\u10e0\u10e3\u10dc\u10d5\u10d4\u10da\u10e7\u10dd\u10e4\u10e1 \u10d6\u10d4\u10d7\u10d8\u10e1 \u10e2\u10d4\u10db\u10de\u10d4\u10e0\u10d0\u10e2\u10e3\u10e0\u10d8\u10e1 (50-200\u00b0C) \u10d6\u10e3\u10e1\u10e2 \u10e0\u10d4\u10d2\u10e3\u10da\u10d8\u10e0\u10d4\u10d1\u10d0\u10e1, \u10e0\u10d0\u10ea \u10d0\u10e3\u10ea\u10d8\u10da\u10d4\u10d1\u10d4\u10da\u10d8\u10d0 \u10e1\u10ee\u10d5\u10d0\u10d3\u10d0\u10e1\u10ee\u10d5\u10d0 \u10de\u10e0\u10dd\u10d3\u10e3\u10e5\u10e2\u10d8\u10e1\u10d7\u10d5\u10d8\u10e1 \u10e1\u10e2\u10d0\u10d1\u10d8\u10da\u10e3\u10e0\u10d8, \u10db\u10d0\u10e6\u10d0\u10da\u10d8 \u10ee\u10d0\u10e0\u10d8\u10e1\u10ee\u10d8\u10e1 \u10db\u10d8\u10e1\u10d0\u10e6\u10ec\u10d4\u10d5\u10d0\u10d3.<\/li>\n<\/ul>\n<p>&nbsp;<\/p>\n<h3><b>\u10e2\u10d4\u10e5\u10dc\u10d8\u10d9\u10e3\u10e0\u10d8 \u10db\u10d0\u10ee\u10d0\u10e1\u10d8\u10d0\u10d7\u10d4\u10d1\u10da\u10d4\u10d1\u10d8:<\/b><\/h3>\n<p>&nbsp;<\/p>\n<ul>\n<li><b>\u10db\u10ec\u10d0\u10e0\u10db\u10dd\u10d4\u10d1\u10d4\u10da\u10d8 \u10d1\u10e0\u10d4\u10dc\u10d3\u10d8:<\/b> S\u0130LVER \u0130NOX<\/li>\n<li><b>\u10d3\u10d0\u10dc\u10d8\u10e8\u10dc\u10e3\u10da\u10d4\u10d1\u10d0:<\/b> \u10dd\u10e0\u10db\u10d0\u10d2\u10d8 \u10d4\u10da\u10d4\u10e5\u10e2\u10e0\u10dd \u10e4\u10e0\u10d8\u10e2\u10e3\u10e0\u10d8 (\u10e4\u10e0\u10d8\u10e2\u10e3\u10e0\u10dc\u10d8\u10ea\u10d0)<\/li>\n<li><b>\u10d9\u10dd\u10dc\u10e1\u10e2\u10e0\u10e3\u10e5\u10ea\u10d8\u10d0:<\/b> 2 \u10d0\u10d5\u10d6\u10d8, 2 \u10d9\u10d0\u10da\u10d0\u10d7\u10d0<\/li>\n<li><b>\u10d0\u10d5\u10d6\u10d8\u10e1 \u10db\u10dd\u10ea\u10e3\u10da\u10dd\u10d1\u10d0:<\/b> 10 \u10da\u10d8\u10e2\u10e0\u10d8 (5 + 5 \u10da)<\/li>\n<li><b>\u10d9\u10dd\u10e0\u10de\u10e3\u10e1\u10d8:<\/b> \u10e3\u10df\u10d0\u10dc\u10d2\u10d0\u10d5\u10d8 \u10e4\u10dd\u10da\u10d0\u10d3\u10d8<\/li>\n<li><b>\u10db\u10d0\u10e0\u10d7\u10d5\u10d0:<\/b> \u10d3\u10d0\u10db\u10dd\u10e3\u10d9\u10d8\u10d3\u10d4\u10d1\u10d4\u10da\u10d8 \u10d7\u10d4\u10e0\u10db\u10dd\u10e1\u10e2\u10d0\u10e2\u10e3\u10da\u10d8 \u10d9\u10dd\u10dc\u10e2\u10e0\u10dd\u10da\u10d8 (\u10e1\u10d0\u10d5\u10d0\u10e0\u10d0\u10e3\u10d3\u10dd\u10d3)<\/li>\n<li><b>\u10e2\u10d4\u10db\u10de\u10d4\u10e0\u10d0\u10e2\u10e3\u10e0\u10d8\u10e1 \u10d3\u10d8\u10d0\u10de\u10d0\u10d6\u10dd\u10dc\u10d8:<\/b> 50-200\u00b0C<\/li>\n<li><b>\u10e1\u10d8\u10db\u10eb\u10da\u10d0\u10d5\u10e0\u10d4:<\/b> 6 \u10d9\u10d5\u10e2 (2 x 3 \u10d9\u10d5\u10e2)<\/li>\n<li><b>\u10d9\u10d5\u10d4\u10d1\u10d8\u10e1 \u10ec\u10e7\u10d0\u10e0\u10dd:<\/b> 220V<\/li>\n<li><b>\u10ec\u10dd\u10dc\u10d0:<\/b> 8 \u10d9\u10d2<\/li>\n<li><b>\u10db\u10ec\u10d0\u10e0\u10db\u10dd\u10d4\u10d1\u10d4\u10da\u10d8 \u10e5\u10d5\u10d4\u10e7\u10d0\u10dc\u10d0:<\/b> \u10d7\u10e3\u10e0\u10e5\u10d4\u10d7\u10d8<\/li>\n<\/ul>\n","protected":false},"featured_media":0,"comment_status":"closed","ping_status":"closed","template":"","meta":[],"product_brand":[],"product_cat":[141],"product_tag":[245,246],"class_list":{"0":"post-42573","1":"product","2":"type-product","3":"status-publish","5":"product_cat-141","6":"product_tag-245","7":"product_tag-246","8":"pa_product-condition-new","10":"first","11":"instock","12":"shipping-taxable","13":"purchasable","14":"product-type-simple"},"_links":{"self":[{"href":"https:\/\/dev.gn.ge\/en\/wp-json\/wp\/v2\/product\/42573","targetHints":{"allow":["GET"]}}],"collection":[{"href":"https:\/\/dev.gn.ge\/en\/wp-json\/wp\/v2\/product"}],"about":[{"href":"https:\/\/dev.gn.ge\/en\/wp-json\/wp\/v2\/types\/product"}],"replies":[{"embeddable":true,"href":"https:\/\/dev.gn.ge\/en\/wp-json\/wp\/v2\/comments?post=42573"}],"wp:attachment":[{"href":"https:\/\/dev.gn.ge\/en\/wp-json\/wp\/v2\/media?parent=42573"}],"wp:term":[{"taxonomy":"product_brand","embeddable":true,"href":"https:\/\/dev.gn.ge\/en\/wp-json\/wp\/v2\/product_brand?post=42573"},{"taxonomy":"product_cat","embeddable":true,"href":"https:\/\/dev.gn.ge\/en\/wp-json\/wp\/v2\/product_cat?post=42573"},{"taxonomy":"product_tag","embeddable":true,"href":"https:\/\/dev.gn.ge\/en\/wp-json\/wp\/v2\/product_tag?post=42573"}],"curies":[{"name":"wp","href":"https:\/\/api.w.org\/{rel}","templated":true}]}}